{"id":10790,"date":"2025-05-07T16:30:33","date_gmt":"2025-05-07T20:30:33","guid":{"rendered":"https:\/\/upnetix.com.br\/?page_id=10790"},"modified":"2025-05-07T16:30:33","modified_gmt":"2025-05-07T20:30:33","slug":"eventos","status":"publish","type":"page","link":"https:\/\/upnetix.com.br\/?page_id=10790","title":{"rendered":"Eventos"},"content":{"rendered":"\t\t<div data-elementor-type=\"wp-page\" data-elementor-id=\"10790\" class=\"elementor elementor-10790\">\n\t\t\t\t\t\t<section class=\"elementor-section elementor-top-section elementor-element elementor-element-21586d92 elementor-section-height-min-height elementor-section-content-middle elementor-section-boxed elementor-section-height-default elementor-section-items-middle\" data-id=\"21586d92\" data-element_type=\"section\" data-settings=\"{&quot;background_background&quot;:&quot;classic&quot;,&quot;shape_divider_bottom&quot;:&quot;opacity-tilt&quot;}\">\n\t\t\t\t\t<div class=\"elementor-shape elementor-shape-bottom\" data-negative=\"false\">\n\t\t\t<svg xmlns=\"http:\/\/www.w3.org\/2000\/svg\" viewBox=\"0 0 2600 131.1\" preserveAspectRatio=\"none\">\n\t<path class=\"elementor-shape-fill\" d=\"M0 0L2600 0 2600 69.1 0 0z\"\/>\n\t<path class=\"elementor-shape-fill\" style=\"opacity:0.5\" d=\"M0 0L2600 0 2600 69.1 0 69.1z\"\/>\n\t<path class=\"elementor-shape-fill\" style=\"opacity:0.25\" d=\"M2600 0L0 0 0 130.1 2600 69.1z\"\/>\n<\/svg>\t\t<\/div>\n\t\t\t\t\t<div class=\"elementor-container elementor-column-gap-default\">\n\t\t\t\t\t<div class=\"elementor-column elementor-col-50 elementor-top-column elementor-element elementor-element-17822d46\" data-id=\"17822d46\" data-element_type=\"column\">\n\t\t\t<div class=\"elementor-widget-wrap elementor-element-populated\">\n\t\t\t\t\t\t<section class=\"elementor-section elementor-inner-section elementor-element elementor-element-f59f199 elementor-section-full_width elementor-section-height-default elementor-section-height-default\" data-id=\"f59f199\" data-element_type=\"section\">\n\t\t\t\t\t\t<div class=\"elementor-container elementor-column-gap-no\">\n\t\t\t\t\t<div class=\"elementor-column elementor-col-100 elementor-inner-column elementor-element elementor-element-4546c11\" data-id=\"4546c11\" data-element_type=\"column\">\n\t\t\t<div class=\"elementor-widget-wrap elementor-element-populated\">\n\t\t\t\t\t\t<div class=\"elementor-element elementor-element-2d3acf3 elementor-widget elementor-widget-heading\" data-id=\"2d3acf3\" data-element_type=\"widget\" data-widget_type=\"heading.default\">\n\t\t\t\t<div class=\"elementor-widget-container\">\n\t\t\t<h2 class=\"elementor-heading-title elementor-size-default\">CONEX\u00c3O COMPLETA PARA EVENTOS<\/h2>\t\t<\/div>\n\t\t\t\t<\/div>\n\t\t\t\t<div class=\"elementor-element elementor-element-ffe28b2 elementor-widget elementor-widget-heading\" data-id=\"ffe28b2\" data-element_type=\"widget\" data-widget_type=\"heading.default\">\n\t\t\t\t<div class=\"elementor-widget-container\">\n\t\t\t<h2 class=\"elementor-heading-title elementor-size-default\">UM GRANDE EVENTO MERECE UMA GRANDE CONEX\u00c3O<\/h2>\t\t<\/div>\n\t\t\t\t<\/div>\n\t\t\t\t\t<\/div>\n\t\t<\/div>\n\t\t\t\t\t<\/div>\n\t\t<\/section>\n\t\t\t\t<div class=\"elementor-element elementor-element-22a01d19 elementor-widget elementor-widget-spacer\" data-id=\"22a01d19\" data-element_type=\"widget\" data-widget_type=\"spacer.default\">\n\t\t\t\t<div class=\"elementor-widget-container\">\n\t\t\t\t\t<div class=\"elementor-spacer\">\n\t\t\t<div class=\"elementor-spacer-inner\"><\/div>\n\t\t<\/div>\n\t\t\t\t<\/div>\n\t\t\t\t<\/div>\n\t\t\t\t<div class=\"elementor-element elementor-element-7d0dc997 elementor-widget elementor-widget-text-editor\" data-id=\"7d0dc997\" data-element_type=\"widget\" data-widget_type=\"text-editor.default\">\n\t\t\t\t<div class=\"elementor-widget-container\">\n\t\t\t\t\t\t\t<p>DO ACESSO COM <strong>FIBRA \u00d3TICA<\/strong> \u00c0 COBERTURA TOTAL COM <strong>WI-FI E LTE 4G<\/strong>\u00a0<\/p>\t\t\t\t\t\t<\/div>\n\t\t\t\t<\/div>\n\t\t\t\t\t<\/div>\n\t\t<\/div>\n\t\t\t\t<div class=\"elementor-column elementor-col-50 elementor-top-column elementor-element elementor-element-3945705c\" data-id=\"3945705c\" data-element_type=\"column\">\n\t\t\t<div class=\"elementor-widget-wrap elementor-element-populated\">\n\t\t\t\t\t\t<div class=\"elementor-element elementor-element-ebf5f02 elementor-widget elementor-widget-image\" data-id=\"ebf5f02\" data-element_type=\"widget\" data-widget_type=\"image.default\">\n\t\t\t\t<div class=\"elementor-widget-container\">\n\t\t\t\t\t\t\t\t\t\t\t\t\t<img decoding=\"async\" src=\"https:\/\/amazonicanet.com.br\/wp-content\/uploads\/2025\/06\/Foguete-Hero-Section.webp\" title=\"\" alt=\"\" loading=\"lazy\" \/>\t\t\t\t\t\t\t\t\t\t\t\t\t<\/div>\n\t\t\t\t<\/div>\n\t\t\t\t\t<\/div>\n\t\t<\/div>\n\t\t\t\t\t<\/div>\n\t\t<\/section>\n\t\t<div class=\"elementor-element elementor-element-faeea8c e-flex e-con-boxed e-con e-parent\" data-id=\"faeea8c\" data-element_type=\"container\">\n\t\t\t\t\t<div class=\"e-con-inner\">\n\t\t<div class=\"elementor-element elementor-element-56f0b91 e-flex e-con-boxed e-con e-child\" data-id=\"56f0b91\" data-element_type=\"container\">\n\t\t\t\t\t<div class=\"e-con-inner\">\n\t\t\t\t<div class=\"elementor-element elementor-element-d326c8d elementor-widget elementor-widget-heading\" data-id=\"d326c8d\" data-element_type=\"widget\" data-widget_type=\"heading.default\">\n\t\t\t\t<div class=\"elementor-widget-container\">\n\t\t\t<h2 class=\"elementor-heading-title elementor-size-default\">Conectividade completa com e sem fio<\/h2>\t\t<\/div>\n\t\t\t\t<\/div>\n\t\t\t\t\t<\/div>\n\t\t\t\t<\/div>\n\t\t<div class=\"elementor-element elementor-element-fd40f52 e-flex e-con-boxed e-con e-child\" data-id=\"fd40f52\" data-element_type=\"container\">\n\t\t\t\t\t<div class=\"e-con-inner\">\n\t\t\t\t<div class=\"elementor-element elementor-element-c6a24f5 elementor-widget elementor-widget-text-editor\" data-id=\"c6a24f5\" data-element_type=\"widget\" data-widget_type=\"text-editor.default\">\n\t\t\t\t<div class=\"elementor-widget-container\">\n\t\t\t\t\t\t\t<p>A <strong>Amaz\u00f4nica Net<\/strong> leva o seu evento para o <strong>pr\u00f3ximo n\u00edvel de conectividade<\/strong> atrav\u00e9s de solu\u00e7\u00f5es extremamente robustas.<br \/>O seu evento agora conta com conex\u00f5es robustas desde acesso por cabos at\u00e9 uma cobertura completa de todos os dispositivos do seu time de Staff e Comercial com tecnologia LTE\/4G privada exclusiva, al\u00e9m de solu\u00e7\u00f5es Wi-Fi de \u00faltima gera\u00e7\u00e3o.<\/p>\t\t\t\t\t\t<\/div>\n\t\t\t\t<\/div>\n\t\t\t\t\t<\/div>\n\t\t\t\t<\/div>\n\t\t\t\t\t<\/div>\n\t\t\t\t<\/div>\n\t\t<div class=\"elementor-element elementor-element-3fdbe95 e-grid e-con-boxed e-con e-parent\" data-id=\"3fdbe95\" data-element_type=\"container\" data-settings=\"{&quot;background_background&quot;:&quot;classic&quot;}\">\n\t\t\t\t\t<div class=\"e-con-inner\">\n\t\t<div class=\"elementor-element elementor-element-9215514 e-flex e-con-boxed e-con e-child\" data-id=\"9215514\" data-element_type=\"container\">\n\t\t\t\t\t<div class=\"e-con-inner\">\n\t\t\t\t<div class=\"elementor-element elementor-element-534b98b elementor-widget elementor-widget-heading\" data-id=\"534b98b\" data-element_type=\"widget\" data-widget_type=\"heading.default\">\n\t\t\t\t<div class=\"elementor-widget-container\">\n\t\t\t<h2 class=\"elementor-heading-title elementor-size-default\">Aproveite a nossa oferta de conectividade para eventos<\/h2>\t\t<\/div>\n\t\t\t\t<\/div>\n\t\t<div class=\"elementor-element elementor-element-bdf7824 e-flex e-con-boxed e-con e-child\" data-id=\"bdf7824\" data-element_type=\"container\">\n\t\t\t\t\t<div class=\"e-con-inner\">\n\t\t\t\t<div class=\"elementor-element elementor-element-360eec6 elementor-widget elementor-widget-text-editor\" data-id=\"360eec6\" data-element_type=\"widget\" data-widget_type=\"text-editor.default\">\n\t\t\t\t<div class=\"elementor-widget-container\">\n\t\t\t\t\t\t\t<p>Transforme a forma de fazer neg\u00f3cios em grandes eventos. As maquinetas de Cart\u00e3o, Smartphones, Computadores e C\u00e2meras agora podem estar conectadas em uma rede unificada e exclusiva, privada e sem compartilhamento com o p\u00fablico. A sua imagina\u00e7\u00e3o \u00e9 o limite com as solu\u00e7\u00f5es de conex\u00e3o para eventos da Amaz\u00f4nica Net.<br \/>Conecte o seu time com Fibra \u00d3tica, Wi-Fi e LTE\/4G Privado<\/p>\t\t\t\t\t\t<\/div>\n\t\t\t\t<\/div>\n\t\t\t\t\t<\/div>\n\t\t\t\t<\/div>\n\t\t\t\t\t<\/div>\n\t\t\t\t<\/div>\n\t\t\t\t<div class=\"elementor-element elementor-element-b64cd92 elementor-widget elementor-widget-image\" data-id=\"b64cd92\" data-element_type=\"widget\" data-widget_type=\"image.default\">\n\t\t\t\t<div class=\"elementor-widget-container\">\n\t\t\t\t\t\t\t\t\t\t\t\t\t<img decoding=\"async\" src=\"https:\/\/amazonicanet.com.br\/wp-content\/uploads\/2025\/05\/Evento-1.webp\" title=\"\" alt=\"\" loading=\"lazy\" \/>\t\t\t\t\t\t\t\t\t\t\t\t\t<\/div>\n\t\t\t\t<\/div>\n\t\t\t\t\t<\/div>\n\t\t\t\t<\/div>\n\t\t<div class=\"elementor-element elementor-element-80b2182 e-flex e-con-boxed e-con e-parent\" data-id=\"80b2182\" data-element_type=\"container\">\n\t\t\t\t\t<div class=\"e-con-inner\">\n\t\t<div class=\"elementor-element elementor-element-b7325cb e-grid e-con-boxed e-con e-child\" data-id=\"b7325cb\" data-element_type=\"container\">\n\t\t\t\t\t<div class=\"e-con-inner\">\n\t\t\t\t<div class=\"elementor-element elementor-element-02e1c54 elementor-widget elementor-widget-image\" data-id=\"02e1c54\" data-element_type=\"widget\" data-widget_type=\"image.default\">\n\t\t\t\t<div class=\"elementor-widget-container\">\n\t\t\t\t\t\t\t\t\t\t\t\t\t\t<a href=\"https:\/\/api.whatsapp.com\/send\/?phone=559230295100&#038;text=Ol%C3%A1%2C+%2AAmazonica+Net%21%2A+Gostaria+de+contratar+Banda+Larga+Empresarial*+de+750+Mega\" target=\"_blank\">\n\t\t\t\t\t\t\t<img decoding=\"async\" src=\"https:\/\/amazonicanet.com.br\/wp-content\/uploads\/2025\/05\/LTE4G.webp\" title=\"\" alt=\"\" loading=\"lazy\" \/>\t\t\t\t\t\t\t\t<\/a>\n\t\t\t\t\t\t\t\t\t\t\t\t\t<\/div>\n\t\t\t\t<\/div>\n\t\t\t\t<div class=\"elementor-element elementor-element-e062b09 elementor-widget elementor-widget-image\" data-id=\"e062b09\" data-element_type=\"widget\" data-widget_type=\"image.default\">\n\t\t\t\t<div class=\"elementor-widget-container\">\n\t\t\t\t\t\t\t\t\t\t\t\t\t\t<a href=\"https:\/\/api.whatsapp.com\/send\/?phone=559230295100&#038;text=Ol%C3%A1%2C+%2AAmazonica+Net%21%2A+Gostaria+de+contratar+Banda+Larga+Empresarial*+de+750+Mega\" target=\"_blank\">\n\t\t\t\t\t\t\t<img decoding=\"async\" src=\"https:\/\/amazonicanet.com.br\/wp-content\/uploads\/2025\/05\/WiFi6.webp\" title=\"\" alt=\"\" loading=\"lazy\" \/>\t\t\t\t\t\t\t\t<\/a>\n\t\t\t\t\t\t\t\t\t\t\t\t\t<\/div>\n\t\t\t\t<\/div>\n\t\t\t\t<div class=\"elementor-element elementor-element-49bcbc0 elementor-widget elementor-widget-image\" data-id=\"49bcbc0\" data-element_type=\"widget\" data-widget_type=\"image.default\">\n\t\t\t\t<div class=\"elementor-widget-container\">\n\t\t\t\t\t\t\t\t\t\t\t\t\t\t<a href=\"https:\/\/api.whatsapp.com\/send\/?phone=559230295100&#038;text=Ol%C3%A1%2C+%2AAmazonica+Net%21%2A+Gostaria+de+contratar+Banda+Larga+Empresarial*+de+1+Giga\" target=\"_blank\">\n\t\t\t\t\t\t\t<img decoding=\"async\" src=\"https:\/\/amazonicanet.com.br\/wp-content\/uploads\/2025\/05\/Gigabit.webp\" title=\"\" alt=\"\" loading=\"lazy\" \/>\t\t\t\t\t\t\t\t<\/a>\n\t\t\t\t\t\t\t\t\t\t\t\t\t<\/div>\n\t\t\t\t<\/div>\n\t\t\t\t<div class=\"elementor-element elementor-element-5bab4f1 elementor-widget elementor-widget-image\" data-id=\"5bab4f1\" data-element_type=\"widget\" data-widget_type=\"image.default\">\n\t\t\t\t<div class=\"elementor-widget-container\">\n\t\t\t\t\t\t\t\t\t\t\t\t\t<img decoding=\"async\" src=\"https:\/\/amazonicanet.com.br\/wp-content\/uploads\/2025\/05\/Fibra-Otica.webp\" title=\"\" alt=\"\" loading=\"lazy\" \/>\t\t\t\t\t\t\t\t\t\t\t\t\t<\/div>\n\t\t\t\t<\/div>\n\t\t\t\t\t<\/div>\n\t\t\t\t<\/div>\n\t\t\t\t\t<\/div>\n\t\t\t\t<\/div>\n\t\t\t\t<section class=\"elementor-section elementor-top-section elementor-element elementor-element-6035bd2a elementor-reverse-tablet elementor-reverse-mobile elementor-section-boxed elementor-section-height-default elementor-section-height-default\" data-id=\"6035bd2a\" data-element_type=\"section\" data-settings=\"{&quot;background_background&quot;:&quot;classic&quot;}\">\n\t\t\t\t\t\t<div class=\"elementor-container elementor-column-gap-default\">\n\t\t\t\t\t<div class=\"elementor-column elementor-col-50 elementor-top-column elementor-element elementor-element-4d1f5217\" data-id=\"4d1f5217\" data-element_type=\"column\">\n\t\t\t<div class=\"elementor-widget-wrap elementor-element-populated\">\n\t\t\t\t\t\t<div class=\"elementor-element elementor-element-2544e46 elementor-widget elementor-widget-image\" data-id=\"2544e46\" data-element_type=\"widget\" data-widget_type=\"image.default\">\n\t\t\t\t<div class=\"elementor-widget-container\">\n\t\t\t\t\t\t\t\t\t\t\t\t\t<img decoding=\"async\" src=\"https:\/\/amazonicanet.com.br\/wp-content\/uploads\/2025\/05\/OIG1-2-1.jpeg\" title=\"\" alt=\"\" loading=\"lazy\" \/>\t\t\t\t\t\t\t\t\t\t\t\t\t<\/div>\n\t\t\t\t<\/div>\n\t\t\t\t\t<\/div>\n\t\t<\/div>\n\t\t\t\t<div class=\"elementor-column elementor-col-50 elementor-top-column elementor-element elementor-element-5a5647f1\" data-id=\"5a5647f1\" data-element_type=\"column\">\n\t\t\t<div class=\"elementor-widget-wrap elementor-element-populated\">\n\t\t\t\t\t\t<div class=\"elementor-element elementor-element-6d053fd8 elementor-widget elementor-widget-heading\" data-id=\"6d053fd8\" data-element_type=\"widget\" data-widget_type=\"heading.default\">\n\t\t\t\t<div class=\"elementor-widget-container\">\n\t\t\t<h2 class=\"elementor-heading-title elementor-size-default\">Conex\u00e3o Confi\u00e1vel\n<\/h2>\t\t<\/div>\n\t\t\t\t<\/div>\n\t\t\t\t<div class=\"elementor-element elementor-element-77aa9adb elementor-widget elementor-widget-text-editor\" data-id=\"77aa9adb\" data-element_type=\"widget\" data-widget_type=\"text-editor.default\">\n\t\t\t\t<div class=\"elementor-widget-container\">\n\t\t\t\t\t\t\t<p>Com as solu\u00e7\u00f5es para eventos da Amaz\u00f4nica Net a sua empresa desfruta de uma confiabilidade \u00fanica no setor, com muito mais possibilidades, sem compartilhamento de infraestrutura e utiliza\u00e7\u00e3o de uma rede exclusiva e privativa de dados.<\/p><p>Agende e contrate hoje mesmo! Fale com um consultor e conecte-se \u00e0 melhor rede de dados da regi\u00e3o.<\/p>\t\t\t\t\t\t<\/div>\n\t\t\t\t<\/div>\n\t\t\t\t<div class=\"elementor-element elementor-element-004526b elementor-align-left elementor-widget elementor-widget-button\" data-id=\"004526b\" data-element_type=\"widget\" data-widget_type=\"button.default\">\n\t\t\t\t<div class=\"elementor-widget-container\">\n\t\t\t\t\t<div class=\"elementor-button-wrapper\">\n\t\t\t<a class=\"elementor-button elementor-button-link elementor-size-sm\" href=\"https:\/\/api.whatsapp.com\/send\/?phone=559230295100&#038;text=Ol%C3%A1%2C+%2AAmazonica+Net%21%2A+Gostaria+de+contratar+Conex\u00e3o+para+evento*\" target=\"_blank\">\n\t\t\t\t\t\t<span class=\"elementor-button-content-wrapper\">\n\t\t\t\t\t\t\t\t\t<span class=\"elementor-button-text\">Contratar Agora<\/span>\n\t\t\t\t\t<\/span>\n\t\t\t\t\t<\/a>\n\t\t<\/div>\n\t\t\t\t<\/div>\n\t\t\t\t<\/div>\n\t\t\t\t\t<\/div>\n\t\t<\/div>\n\t\t\t\t\t<\/div>\n\t\t<\/section>\n\t\t\t\t<\/div>\n\t\t","protected":false},"excerpt":{"rendered":"<p>CONEX\u00c3O COMPLETA PARA EVENTOS UM GRANDE EVENTO MERECE UMA GRANDE CONEX\u00c3O DO ACESSO COM FIBRA \u00d3TICA \u00c0 COBERTURA TOTAL COM WI-FI E LTE 4G\u00a0 Conectividade completa com e sem fio A Amaz\u00f4nica Net leva o seu evento para o pr\u00f3ximo n\u00edvel de conectividade atrav\u00e9s de solu\u00e7\u00f5es extremamente robustas.O seu evento agora conta com conex\u00f5es robustas [&hellip;]<\/p>\n","protected":false},"author":6,"featured_media":2163,"parent":0,"menu_order":0,"comment_status":"closed","ping_status":"closed","template":"elementor_header_footer","meta":{"footnotes":""},"class_list":["post-10790","page","type-page","status-publish","has-post-thumbnail","hentry"],"blocksy_meta":{"styles_descriptor":{"styles":{"desktop":"","tablet":"","mobile":""},"google_fonts":[],"version":6}},"_links":{"self":[{"href":"https:\/\/upnetix.com.br\/index.php?rest_route=\/wp\/v2\/pages\/10790","targetHints":{"allow":["GET"]}}],"collection":[{"href":"https:\/\/upnetix.com.br\/index.php?rest_route=\/wp\/v2\/pages"}],"about":[{"href":"https:\/\/upnetix.com.br\/index.php?rest_route=\/wp\/v2\/types\/page"}],"author":[{"embeddable":true,"href":"https:\/\/upnetix.com.br\/index.php?rest_route=\/wp\/v2\/users\/6"}],"replies":[{"embeddable":true,"href":"https:\/\/upnetix.com.br\/index.php?rest_route=%2Fwp%2Fv2%2Fcomments&post=10790"}],"version-history":[{"count":0,"href":"https:\/\/upnetix.com.br\/index.php?rest_route=\/wp\/v2\/pages\/10790\/revisions"}],"wp:featuredmedia":[{"embeddable":true,"href":"https:\/\/upnetix.com.br\/index.php?rest_route=\/"}],"wp:attachment":[{"href":"https:\/\/upnetix.com.br\/index.php?rest_route=%2Fwp%2Fv2%2Fmedia&parent=10790"}],"curies":[{"name":"wp","href":"https:\/\/api.w.org\/{rel}","templated":true}]}}