{"id":600,"date":"2019-11-26T04:12:56","date_gmt":"2019-11-26T08:12:56","guid":{"rendered":"http:\/\/45.236.220.222\/?page_id=600"},"modified":"2025-04-04T15:44:19","modified_gmt":"2025-04-04T19:44:19","slug":"lan-to-lan","status":"publish","type":"page","link":"https:\/\/upnetix.com.br\/empresas\/lan-to-lan\/","title":{"rendered":"Lan-to-Lan &#8211; Conex\u00e3o Matriz &#8211; Filiais"},"content":{"rendered":"\t\t<div data-elementor-type=\"wp-page\" data-elementor-id=\"600\" class=\"elementor elementor-600\">\n\t\t\t\t\t\t<section class=\"elementor-section elementor-top-section elementor-element elementor-element-4aecdae2 elementor-section-height-min-height elementor-section-content-middle elementor-section-boxed elementor-section-height-default elementor-section-items-middle\" data-id=\"4aecdae2\" data-element_type=\"section\" data-settings=\"{&quot;background_background&quot;:&quot;gradient&quot;,&quot;shape_divider_bottom&quot;:&quot;triangle-asymmetrical&quot;}\">\n\t\t\t\t\t<div class=\"elementor-shape elementor-shape-bottom\" data-negative=\"false\">\n\t\t\t<svg xmlns=\"http:\/\/www.w3.org\/2000\/svg\" viewBox=\"0 0 1000 100\" preserveAspectRatio=\"none\">\n\t<path class=\"elementor-shape-fill\" d=\"M738,99l262-93V0H0v5.6L738,99z\"\/>\n<\/svg>\t\t<\/div>\n\t\t\t\t\t<div class=\"elementor-container elementor-column-gap-default\">\n\t\t\t\t\t<div class=\"elementor-column elementor-col-50 elementor-top-column elementor-element elementor-element-65f96bc2\" data-id=\"65f96bc2\" data-element_type=\"column\">\n\t\t\t<div class=\"elementor-widget-wrap elementor-element-populated\">\n\t\t\t\t\t\t<section class=\"elementor-section elementor-inner-section elementor-element elementor-element-08006c6 elementor-section-full_width elementor-section-height-default elementor-section-height-default\" data-id=\"08006c6\" data-element_type=\"section\">\n\t\t\t\t\t\t<div class=\"elementor-container elementor-column-gap-no\">\n\t\t\t\t\t<div class=\"elementor-column elementor-col-100 elementor-inner-column elementor-element elementor-element-05a2866\" data-id=\"05a2866\" data-element_type=\"column\">\n\t\t\t<div class=\"elementor-widget-wrap elementor-element-populated\">\n\t\t\t\t\t\t<div class=\"elementor-element elementor-element-be06a56 elementor-widget elementor-widget-heading\" data-id=\"be06a56\" data-element_type=\"widget\" data-widget_type=\"heading.default\">\n\t\t\t\t<div class=\"elementor-widget-container\">\n\t\t\t<h2 class=\"elementor-heading-title elementor-size-default\">CONEX\u00c3O ENTRE MATRIZ E FILIAIS\nEM UMA REDE UNIFICADA\n<\/h2>\t\t<\/div>\n\t\t\t\t<\/div>\n\t\t\t\t<div class=\"elementor-element elementor-element-b15aa41 elementor-widget elementor-widget-heading\" data-id=\"b15aa41\" data-element_type=\"widget\" data-widget_type=\"heading.default\">\n\t\t\t\t<div class=\"elementor-widget-container\">\n\t\t\t<h2 class=\"elementor-heading-title elementor-size-default\">LAN TO LAN\n<\/h2>\t\t<\/div>\n\t\t\t\t<\/div>\n\t\t\t\t\t<\/div>\n\t\t<\/div>\n\t\t\t\t\t<\/div>\n\t\t<\/section>\n\t\t\t\t<div class=\"elementor-element elementor-element-719624da elementor-widget elementor-widget-spacer\" data-id=\"719624da\" data-element_type=\"widget\" data-widget_type=\"spacer.default\">\n\t\t\t\t<div class=\"elementor-widget-container\">\n\t\t\t\t\t<div class=\"elementor-spacer\">\n\t\t\t<div class=\"elementor-spacer-inner\"><\/div>\n\t\t<\/div>\n\t\t\t\t<\/div>\n\t\t\t\t<\/div>\n\t\t\t\t<div class=\"elementor-element elementor-element-3fbb49ba elementor-widget elementor-widget-text-editor\" data-id=\"3fbb49ba\" data-element_type=\"widget\" data-widget_type=\"text-editor.default\">\n\t\t\t\t<div class=\"elementor-widget-container\">\n\t\t\t\t\t\t\t<p>Uma rede<b> robusta <\/b>que conecta<b> todas as filiais <\/b>da sua empresa<\/p>\t\t\t\t\t\t<\/div>\n\t\t\t\t<\/div>\n\t\t\t\t<div class=\"jet-popup-target elementor-element elementor-element-e7723eb elementor-mobile-align-center animated-slow elementor-invisible elementor-widget elementor-widget-button\" data-jet-popup=\"{&quot;attached-popup&quot;:&quot;jet-popup-7447&quot;,&quot;trigger-type&quot;:&quot;click-self&quot;,&quot;trigger-custom-selector&quot;:&quot;&quot;}\" data-id=\"e7723eb\" data-element_type=\"widget\" data-settings=\"{&quot;_animation&quot;:&quot;fadeInLeft&quot;}\" data-widget_type=\"button.default\">\n\t\t\t\t<div class=\"elementor-widget-container\">\n\t\t\t\t\t<div class=\"elementor-button-wrapper\">\n\t\t\t<a class=\"elementor-button elementor-button-link elementor-size-lg\" href=\"#saiba-mais\">\n\t\t\t\t\t\t<span class=\"elementor-button-content-wrapper\">\n\t\t\t\t\t\t\t\t\t<span class=\"elementor-button-text\">SAIBA MAIS<\/span>\n\t\t\t\t\t<\/span>\n\t\t\t\t\t<\/a>\n\t\t<\/div>\n\t\t\t\t<\/div>\n\t\t\t\t<\/div>\n\t\t\t\t\t<\/div>\n\t\t<\/div>\n\t\t\t\t<div class=\"elementor-column elementor-col-50 elementor-top-column elementor-element elementor-element-1f131106\" data-id=\"1f131106\" data-element_type=\"column\">\n\t\t\t<div class=\"elementor-widget-wrap elementor-element-populated\">\n\t\t\t\t\t\t<div class=\"elementor-element elementor-element-79f4ad0 elementor-widget elementor-widget-image\" data-id=\"79f4ad0\" data-element_type=\"widget\" data-widget_type=\"image.default\">\n\t\t\t\t<div class=\"elementor-widget-container\">\n\t\t\t\t\t\t\t\t\t\t\t\t\t<img fetchpriority=\"high\" decoding=\"async\" width=\"630\" height=\"280\" src=\"https:\/\/upnetix.com.br\/wp-content\/uploads\/2025\/01\/Logo-Upnetix.webp\" class=\"attachment-large size-large wp-image-8693\" alt=\"\" srcset=\"https:\/\/upnetix.com.br\/wp-content\/uploads\/2025\/01\/Logo-Upnetix.webp 630w, https:\/\/upnetix.com.br\/wp-content\/uploads\/2025\/01\/Logo-Upnetix-300x133.webp 300w\" sizes=\"(max-width: 630px) 100vw, 630px\" \/>\t\t\t\t\t\t\t\t\t\t\t\t\t<\/div>\n\t\t\t\t<\/div>\n\t\t\t\t\t<\/div>\n\t\t<\/div>\n\t\t\t\t\t<\/div>\n\t\t<\/section>\n\t\t\t\t<section class=\"elementor-section elementor-top-section elementor-element elementor-element-268861b6 elementor-section-boxed elementor-section-height-default elementor-section-height-default\" data-id=\"268861b6\" data-element_type=\"section\" id=\"saiba-mais\" data-settings=\"{&quot;background_background&quot;:&quot;classic&quot;}\">\n\t\t\t\t\t\t<div class=\"elementor-container elementor-column-gap-default\">\n\t\t\t\t\t<div class=\"elementor-column elementor-col-50 elementor-top-column elementor-element elementor-element-1b52f81e\" data-id=\"1b52f81e\" data-element_type=\"column\" data-settings=\"{&quot;background_background&quot;:&quot;classic&quot;}\">\n\t\t\t<div class=\"elementor-widget-wrap elementor-element-populated\">\n\t\t\t\t\t\t<div class=\"elementor-element elementor-element-6fd5902 elementor-widget elementor-widget-heading\" data-id=\"6fd5902\" data-element_type=\"widget\" data-widget_type=\"heading.default\">\n\t\t\t\t<div class=\"elementor-widget-container\">\n\t\t\t<h2 class=\"elementor-heading-title elementor-size-default\">CONECTAR AS FILIAIS SEM LIMITE DE TRAFEGO AGORA \u00c9 POSS\u00cdVEL<\/h2>\t\t<\/div>\n\t\t\t\t<\/div>\n\t\t\t\t<div class=\"elementor-element elementor-element-2b82c413 elementor-widget elementor-widget-text-editor\" data-id=\"2b82c413\" data-element_type=\"widget\" data-widget_type=\"text-editor.default\">\n\t\t\t\t<div class=\"elementor-widget-container\">\n\t\t\t\t\t\t\t<p>UMA \u00daNICA REDE PARA TODAS AS FILIAIS<\/p>\t\t\t\t\t\t<\/div>\n\t\t\t\t<\/div>\n\t\t\t\t<div class=\"elementor-element elementor-element-42b53621 elementor-widget elementor-widget-text-editor\" data-id=\"42b53621\" data-element_type=\"widget\" data-widget_type=\"text-editor.default\">\n\t\t\t\t<div class=\"elementor-widget-container\">\n\t\t\t\t\t\t\t<p>O <strong>LAN TO LAN<\/strong> Upnetix proporciona economia real com a possibilidade de compartilhamento dos recursos de TI da Matriz com as Filiais em uma rede est\u00e1vel e baixa lat\u00eancia.<\/p>\t\t\t\t\t\t<\/div>\n\t\t\t\t<\/div>\n\t\t\t\t<div class=\"jet-popup-target elementor-element elementor-element-054b9b0 elementor-align-left elementor-mobile-align-center elementor-widget elementor-widget-button\" data-jet-popup=\"{&quot;attached-popup&quot;:&quot;jet-popup-7447&quot;,&quot;trigger-type&quot;:&quot;click-self&quot;,&quot;trigger-custom-selector&quot;:&quot;&quot;}\" data-id=\"054b9b0\" data-element_type=\"widget\" data-widget_type=\"button.default\">\n\t\t\t\t<div class=\"elementor-widget-container\">\n\t\t\t\t\t<div class=\"elementor-button-wrapper\">\n\t\t\t<a class=\"elementor-button elementor-button-link elementor-size-md\" href=\"#\" target=\"_blank\">\n\t\t\t\t\t\t<span class=\"elementor-button-content-wrapper\">\n\t\t\t\t\t\t<span class=\"elementor-button-icon elementor-align-icon-left\">\n\t\t\t\t<i aria-hidden=\"true\" class=\"fas fa-check\"><\/i>\t\t\t<\/span>\n\t\t\t\t\t\t\t\t\t<span class=\"elementor-button-text\">QUERO CONTRATAR AGORA<\/span>\n\t\t\t\t\t<\/span>\n\t\t\t\t\t<\/a>\n\t\t<\/div>\n\t\t\t\t<\/div>\n\t\t\t\t<\/div>\n\t\t\t\t<div class=\"jet-popup-target elementor-element elementor-element-7b2d0b59 elementor-align-left elementor-mobile-align-center elementor-widget elementor-widget-button\" data-jet-popup=\"{&quot;attached-popup&quot;:&quot;jet-popup-824&quot;,&quot;trigger-type&quot;:&quot;click-self&quot;,&quot;trigger-custom-selector&quot;:&quot;&quot;}\" data-id=\"7b2d0b59\" data-element_type=\"widget\" data-widget_type=\"button.default\">\n\t\t\t\t<div class=\"elementor-widget-container\">\n\t\t\t\t\t<div class=\"elementor-button-wrapper\">\n\t\t\t<a class=\"elementor-button elementor-button-link elementor-size-md\" href=\"https:\/\/api.whatsapp.com\/send?phone=559230295100\" target=\"_blank\">\n\t\t\t\t\t\t<span class=\"elementor-button-content-wrapper\">\n\t\t\t\t\t\t<span class=\"elementor-button-icon elementor-align-icon-left\">\n\t\t\t\t<i aria-hidden=\"true\" class=\"fab fa-whatsapp\"><\/i>\t\t\t<\/span>\n\t\t\t\t\t\t\t\t\t<span class=\"elementor-button-text\">QUERO FALAR COM UM CONSULTOR<\/span>\n\t\t\t\t\t<\/span>\n\t\t\t\t\t<\/a>\n\t\t<\/div>\n\t\t\t\t<\/div>\n\t\t\t\t<\/div>\n\t\t\t\t\t<\/div>\n\t\t<\/div>\n\t\t\t\t<div class=\"elementor-column elementor-col-50 elementor-top-column elementor-element elementor-element-4d4bd28b\" data-id=\"4d4bd28b\" data-element_type=\"column\">\n\t\t\t<div class=\"elementor-widget-wrap elementor-element-populated\">\n\t\t\t\t\t\t<div class=\"elementor-element elementor-element-1ea7b6d elementor-widget elementor-widget-text-editor\" data-id=\"1ea7b6d\" data-element_type=\"widget\" data-widget_type=\"text-editor.default\">\n\t\t\t\t<div class=\"elementor-widget-container\">\n\t\t\t\t\t\t\t<p><span style=\"font-size: inherit; text-align: inherit; background-color: var( --e-global-color-blocksy_palette_6 ); color: var(--theme-text-color); font-style: var(--fontStyle, inherit); font-weight: var(--fontWeight); letter-spacing: var(--letterSpacing); text-transform: var(--textTransform);\">No <\/span><strong style=\"font-size: inherit; text-align: inherit; background-color: var( --e-global-color-blocksy_palette_6 ); color: var(--theme-text-color); font-style: var(--fontStyle, inherit); letter-spacing: var(--letterSpacing); text-transform: var(--textTransform);\">Lan-to-Lan<\/strong><span style=\"font-size: inherit; text-align: inherit; background-color: var( --e-global-color-blocksy_palette_6 ); color: var(--theme-text-color); font-style: var(--fontStyle, inherit); font-weight: var(--fontWeight); letter-spacing: var(--letterSpacing); text-transform: var(--textTransform);\"> UPNETIX, a sua empresa conta com:<\/span><\/p><ul><li><strong>Conex\u00e3o Sim\u00e9trica<\/strong> de <strong>1<\/strong> Mega a <strong>10.000<\/strong> Mega<\/li><li>Op\u00e7\u00e3o de <strong>Criptografia<\/strong> do Canal de Comunica\u00e7\u00e3o<\/li><li>Op\u00e7\u00e3o de <strong>Dupla Abordagem<\/strong><\/li><li>Monitoramento Proativo <strong>Nativo<\/strong> da Solu\u00e7\u00e3o<\/li><li><strong>Conex\u00e3o Confi\u00e1vel<\/strong> via Fibra \u00d3tica<\/li><li><strong>Velocidades reais<\/strong> para conectar a sua empresa sem pegadinhas<\/li><li><strong>Banda Garantida<\/strong>: A sua empresa receber\u00e1 <strong>toda<\/strong> a velocidade do plano contratado em <strong>100% do tempo<\/strong><\/li><\/ul>\t\t\t\t\t\t<\/div>\n\t\t\t\t<\/div>\n\t\t\t\t\t<\/div>\n\t\t<\/div>\n\t\t\t\t\t<\/div>\n\t\t<\/section>\n\t\t\t\t<section class=\"elementor-section elementor-top-section elementor-element elementor-element-bd8f576 elementor-section-full_width elementor-section-height-default elementor-section-height-default\" data-id=\"bd8f576\" data-element_type=\"section\">\n\t\t\t\t\t\t<div class=\"elementor-container elementor-column-gap-no\">\n\t\t\t\t\t<div class=\"elementor-column elementor-col-100 elementor-top-column elementor-element elementor-element-8ab113e\" data-id=\"8ab113e\" data-element_type=\"column\">\n\t\t\t<div class=\"elementor-widget-wrap\">\n\t\t\t\t\t\t\t<\/div>\n\t\t<\/div>\n\t\t\t\t\t<\/div>\n\t\t<\/section>\n\t\t\t\t<\/div>\n\t\t","protected":false},"excerpt":{"rendered":"<p>CONEX\u00c3O ENTRE MATRIZ E FILIAIS EM UMA REDE UNIFICADA LAN TO LAN Uma rede robusta que conecta todas as filiais da sua empresa CONECTAR AS FILIAIS SEM LIMITE DE TRAFEGO AGORA \u00c9 POSS\u00cdVEL UMA \u00daNICA REDE PARA TODAS AS FILIAIS O LAN TO LAN Upnetix proporciona economia real com a possibilidade de compartilhamento dos recursos [&hellip;]<\/p>\n","protected":false},"author":6,"featured_media":3862,"parent":9221,"menu_order":0,"comment_status":"closed","ping_status":"closed","template":"elementor_header_footer","meta":{"footnotes":""},"class_list":["post-600","page","type-page","status-publish","has-post-thumbnail","hentry"],"blocksy_meta":{"styles_descriptor":{"styles":{"desktop":"","tablet":"","mobile":""},"google_fonts":[],"version":6}},"_links":{"self":[{"href":"https:\/\/upnetix.com.br\/wp-json\/wp\/v2\/pages\/600","targetHints":{"allow":["GET"]}}],"collection":[{"href":"https:\/\/upnetix.com.br\/wp-json\/wp\/v2\/pages"}],"about":[{"href":"https:\/\/upnetix.com.br\/wp-json\/wp\/v2\/types\/page"}],"author":[{"embeddable":true,"href":"https:\/\/upnetix.com.br\/wp-json\/wp\/v2\/users\/6"}],"replies":[{"embeddable":true,"href":"https:\/\/upnetix.com.br\/wp-json\/wp\/v2\/comments?post=600"}],"version-history":[{"count":10,"href":"https:\/\/upnetix.com.br\/wp-json\/wp\/v2\/pages\/600\/revisions"}],"predecessor-version":[{"id":10515,"href":"https:\/\/upnetix.com.br\/wp-json\/wp\/v2\/pages\/600\/revisions\/10515"}],"up":[{"embeddable":true,"href":"https:\/\/upnetix.com.br\/wp-json\/wp\/v2\/pages\/9221"}],"wp:featuredmedia":[{"embeddable":true,"href":"https:\/\/upnetix.com.br\/wp-json\/"}],"wp:attachment":[{"href":"https:\/\/upnetix.com.br\/wp-json\/wp\/v2\/media?parent=600"}],"curies":[{"name":"wp","href":"https:\/\/api.w.org\/{rel}","templated":true}]}}