{"id":614,"date":"2019-11-26T04:34:38","date_gmt":"2019-11-26T08:34:38","guid":{"rendered":"http:\/\/45.236.220.222\/?page_id=614"},"modified":"2025-03-28T12:53:51","modified_gmt":"2025-03-28T16:53:51","slug":"banda-larga-corporativa","status":"publish","type":"page","link":"https:\/\/upnetix.com.br\/empresas\/banda-larga-corporativa\/","title":{"rendered":"Banda Larga Empresarial &#8211; Internet para al\u00e9m do B\u00e1sico"},"content":{"rendered":"\t\t<div data-elementor-type=\"wp-page\" data-elementor-id=\"614\" class=\"elementor elementor-614\">\n\t\t\t\t\t\t<section class=\"elementor-section elementor-top-section elementor-element elementor-element-21586d92 elementor-section-height-min-height elementor-section-content-middle elementor-section-boxed elementor-section-height-default elementor-section-items-middle\" data-id=\"21586d92\" data-element_type=\"section\" data-settings=\"{&quot;background_background&quot;:&quot;gradient&quot;,&quot;shape_divider_bottom&quot;:&quot;triangle-asymmetrical&quot;}\">\n\t\t\t\t\t<div class=\"elementor-shape elementor-shape-bottom\" data-negative=\"false\">\n\t\t\t<svg xmlns=\"http:\/\/www.w3.org\/2000\/svg\" viewBox=\"0 0 1000 100\" preserveAspectRatio=\"none\">\n\t<path class=\"elementor-shape-fill\" d=\"M738,99l262-93V0H0v5.6L738,99z\"\/>\n<\/svg>\t\t<\/div>\n\t\t\t\t\t<div class=\"elementor-container elementor-column-gap-default\">\n\t\t\t\t\t<div class=\"elementor-column elementor-col-50 elementor-top-column elementor-element elementor-element-17822d46\" data-id=\"17822d46\" data-element_type=\"column\">\n\t\t\t<div class=\"elementor-widget-wrap elementor-element-populated\">\n\t\t\t\t\t\t<section class=\"elementor-section elementor-inner-section elementor-element elementor-element-f59f199 elementor-section-full_width elementor-section-height-default elementor-section-height-default\" data-id=\"f59f199\" data-element_type=\"section\">\n\t\t\t\t\t\t<div class=\"elementor-container elementor-column-gap-no\">\n\t\t\t\t\t<div class=\"elementor-column elementor-col-100 elementor-inner-column elementor-element elementor-element-4546c11\" data-id=\"4546c11\" data-element_type=\"column\">\n\t\t\t<div class=\"elementor-widget-wrap elementor-element-populated\">\n\t\t\t\t\t\t<div class=\"elementor-element elementor-element-2d3acf3 elementor-widget elementor-widget-heading\" data-id=\"2d3acf3\" data-element_type=\"widget\" data-widget_type=\"heading.default\">\n\t\t\t\t<div class=\"elementor-widget-container\">\n\t\t\t<h2 class=\"elementor-heading-title elementor-size-default\">MUITO AL\u00c9M DO b\u00e1sico NO DIA A DIA CORPORATIVO<\/h2>\t\t<\/div>\n\t\t\t\t<\/div>\n\t\t\t\t<div class=\"elementor-element elementor-element-ffe28b2 elementor-widget elementor-widget-heading\" data-id=\"ffe28b2\" data-element_type=\"widget\" data-widget_type=\"heading.default\">\n\t\t\t\t<div class=\"elementor-widget-container\">\n\t\t\t<h2 class=\"elementor-heading-title elementor-size-default\">banda larga EMPRESARIAL<\/h2>\t\t<\/div>\n\t\t\t\t<\/div>\n\t\t\t\t\t<\/div>\n\t\t<\/div>\n\t\t\t\t\t<\/div>\n\t\t<\/section>\n\t\t\t\t<div class=\"elementor-element elementor-element-22a01d19 elementor-widget elementor-widget-spacer\" data-id=\"22a01d19\" data-element_type=\"widget\" data-widget_type=\"spacer.default\">\n\t\t\t\t<div class=\"elementor-widget-container\">\n\t\t\t\t\t<div class=\"elementor-spacer\">\n\t\t\t<div class=\"elementor-spacer-inner\"><\/div>\n\t\t<\/div>\n\t\t\t\t<\/div>\n\t\t\t\t<\/div>\n\t\t\t\t<div class=\"elementor-element elementor-element-7d0dc997 elementor-widget elementor-widget-text-editor\" data-id=\"7d0dc997\" data-element_type=\"widget\" data-widget_type=\"text-editor.default\">\n\t\t\t\t<div class=\"elementor-widget-container\">\n\t\t\t\t\t\t\t<p>A qualidade j\u00e1 reconhecida da <strong>Internet Upnetix<\/strong> com Velocidades de at\u00e9<strong> 1Giga <\/strong>para pequenos neg\u00f3cios\u00a0<\/p>\t\t\t\t\t\t<\/div>\n\t\t\t\t<\/div>\n\t\t\t\t\t<\/div>\n\t\t<\/div>\n\t\t\t\t<div class=\"elementor-column elementor-col-50 elementor-top-column elementor-element elementor-element-3945705c\" data-id=\"3945705c\" data-element_type=\"column\">\n\t\t\t<div class=\"elementor-widget-wrap elementor-element-populated\">\n\t\t\t\t\t\t<div class=\"elementor-element elementor-element-ebf5f02 elementor-widget elementor-widget-image\" data-id=\"ebf5f02\" data-element_type=\"widget\" data-widget_type=\"image.default\">\n\t\t\t\t<div class=\"elementor-widget-container\">\n\t\t\t\t\t\t\t\t\t\t\t\t\t<img fetchpriority=\"high\" decoding=\"async\" width=\"467\" height=\"467\" src=\"https:\/\/upnetix.com.br\/wp-content\/uploads\/2025\/02\/favicon.webp\" class=\"attachment-large size-large wp-image-9134\" alt=\"\" srcset=\"https:\/\/upnetix.com.br\/wp-content\/uploads\/2025\/02\/favicon.webp 467w, https:\/\/upnetix.com.br\/wp-content\/uploads\/2025\/02\/favicon-300x300.webp 300w, https:\/\/upnetix.com.br\/wp-content\/uploads\/2025\/02\/favicon-150x150.webp 150w\" sizes=\"(max-width: 467px) 100vw, 467px\" \/>\t\t\t\t\t\t\t\t\t\t\t\t\t<\/div>\n\t\t\t\t<\/div>\n\t\t\t\t\t<\/div>\n\t\t<\/div>\n\t\t\t\t\t<\/div>\n\t\t<\/section>\n\t\t<div class=\"elementor-element elementor-element-faeea8c e-flex e-con-boxed e-con e-parent\" data-id=\"faeea8c\" data-element_type=\"container\">\n\t\t\t\t\t<div class=\"e-con-inner\">\n\t\t<div class=\"elementor-element elementor-element-56f0b91 e-flex e-con-boxed e-con e-child\" data-id=\"56f0b91\" data-element_type=\"container\">\n\t\t\t\t\t<div class=\"e-con-inner\">\n\t\t\t\t<div class=\"elementor-element elementor-element-d326c8d elementor-widget elementor-widget-heading\" data-id=\"d326c8d\" data-element_type=\"widget\" data-widget_type=\"heading.default\">\n\t\t\t\t<div class=\"elementor-widget-container\">\n\t\t\t<h2 class=\"elementor-heading-title elementor-size-default\">Muita velocidade com Wi-Fi e Gigabit<\/h2>\t\t<\/div>\n\t\t\t\t<\/div>\n\t\t\t\t\t<\/div>\n\t\t\t\t<\/div>\n\t\t<div class=\"elementor-element elementor-element-fd40f52 e-flex e-con-boxed e-con e-child\" data-id=\"fd40f52\" data-element_type=\"container\">\n\t\t\t\t\t<div class=\"e-con-inner\">\n\t\t\t\t<div class=\"elementor-element elementor-element-c6a24f5 elementor-widget elementor-widget-text-editor\" data-id=\"c6a24f5\" data-element_type=\"widget\" data-widget_type=\"text-editor.default\">\n\t\t\t\t<div class=\"elementor-widget-container\">\n\t\t\t\t\t\t\t<p>As solu\u00e7\u00f5es da Upnetix para o seu neg\u00f3cio oferecem produtos e servi\u00e7os completos que conectam as pessoas e dispositivos para aumentar a produtividade do seu time. Leve o seu neg\u00f3cio para o pr\u00f3ximo n\u00edvel hoje mesmo com a Upnetix.<\/p>\t\t\t\t\t\t<\/div>\n\t\t\t\t<\/div>\n\t\t\t\t\t<\/div>\n\t\t\t\t<\/div>\n\t\t\t\t\t<\/div>\n\t\t\t\t<\/div>\n\t\t<div class=\"elementor-element elementor-element-3fdbe95 e-grid e-con-boxed e-con e-parent\" data-id=\"3fdbe95\" data-element_type=\"container\" data-settings=\"{&quot;background_background&quot;:&quot;classic&quot;}\">\n\t\t\t\t\t<div class=\"e-con-inner\">\n\t\t<div class=\"elementor-element elementor-element-9215514 e-flex e-con-boxed e-con e-child\" data-id=\"9215514\" data-element_type=\"container\">\n\t\t\t\t\t<div class=\"e-con-inner\">\n\t\t\t\t<div class=\"elementor-element elementor-element-534b98b elementor-widget elementor-widget-heading\" data-id=\"534b98b\" data-element_type=\"widget\" data-widget_type=\"heading.default\">\n\t\t\t\t<div class=\"elementor-widget-container\">\n\t\t\t<h2 class=\"elementor-heading-title elementor-size-default\">Aproveite nossa oferta especial de Banda Larga Empresarial<\/h2>\t\t<\/div>\n\t\t\t\t<\/div>\n\t\t<div class=\"elementor-element elementor-element-bdf7824 e-flex e-con-boxed e-con e-child\" data-id=\"bdf7824\" data-element_type=\"container\">\n\t\t\t\t\t<div class=\"e-con-inner\">\n\t\t\t\t<div class=\"elementor-element elementor-element-360eec6 elementor-widget elementor-widget-text-editor\" data-id=\"360eec6\" data-element_type=\"widget\" data-widget_type=\"text-editor.default\">\n\t\t\t\t<div class=\"elementor-widget-container\">\n\t\t\t\t\t\t\t<p>Ultravelocidade com planos de 750Mega e 1Giga para sua empresa decolar. Acesse a internet em alt\u00edssima velocidade atrav\u00e9s do Wi-Fi ou Cabo no nosso Modem de Fibra \u00d3tica e experimente uma conex\u00e3o est\u00e1vel e sem travamentos.<\/p>\t\t\t\t\t\t<\/div>\n\t\t\t\t<\/div>\n\t\t\t\t\t<\/div>\n\t\t\t\t<\/div>\n\t\t\t\t\t<\/div>\n\t\t\t\t<\/div>\n\t\t\t\t<div class=\"elementor-element elementor-element-b64cd92 elementor-widget elementor-widget-image\" data-id=\"b64cd92\" data-element_type=\"widget\" data-widget_type=\"image.default\">\n\t\t\t\t<div class=\"elementor-widget-container\">\n\t\t\t\t\t\t\t\t\t\t\t\t\t<img decoding=\"async\" width=\"1024\" height=\"1024\" src=\"https:\/\/upnetix.com.br\/wp-content\/uploads\/2025\/03\/Banda-Larga-empresarial\u00b9.jpeg\" class=\"attachment-full size-full wp-image-9773\" alt=\"\" srcset=\"https:\/\/upnetix.com.br\/wp-content\/uploads\/2025\/03\/Banda-Larga-empresarial\u00b9.jpeg 1024w, https:\/\/upnetix.com.br\/wp-content\/uploads\/2025\/03\/elementor\/thumbs\/Banda-Larga-empresarial\u00b9-r3hr4k3d2ae2drqdt9asxwigkbvwgh59kneob71qd4.jpeg 300w, https:\/\/upnetix.com.br\/wp-content\/uploads\/2025\/03\/Banda-Larga-empresarial\u00b9-150x150.jpeg 150w, https:\/\/upnetix.com.br\/wp-content\/uploads\/2025\/03\/Banda-Larga-empresarial\u00b9-768x768.jpeg 768w, https:\/\/upnetix.com.br\/wp-content\/uploads\/2025\/03\/elementor\/thumbs\/Banda-Larga-empresarial\u00b9-r3hr4k3ea56hzrw4865z1zctlo3j48czgfzugliye8.jpeg 400w, https:\/\/upnetix.com.br\/wp-content\/uploads\/2025\/03\/elementor\/thumbs\/Banda-Larga-empresarial\u00b9-r3hr4k3do7sa6rt90pqdzxxn2zzpscr4ijp9dwacdo.jpeg 350w, https:\/\/upnetix.com.br\/wp-content\/uploads\/2025\/03\/elementor\/thumbs\/Banda-Larga-empresarial\u00b9-r3hr4k3dz6he39uomfy6iyn8cc1mgak1zhujx8wndy.jpeg 375w, https:\/\/upnetix.com.br\/wp-content\/uploads\/2025\/03\/elementor\/thumbs\/Banda-Larga-empresarial\u00b9-r3hr4k3d6o9pjkjr95dx5ieao2b2bngu5tv6xc3gd8.jpeg 310w, https:\/\/upnetix.com.br\/wp-content\/uploads\/2025\/03\/elementor\/thumbs\/Banda-Larga-empresarial\u00b9-r3hr4k39j3wepk2k0eset9v7k1o6cdtoig3oh4ns9w.jpeg 10w\" sizes=\"(max-width: 1024px) 100vw, 1024px\" \/>\t\t\t\t\t\t\t\t\t\t\t\t\t<\/div>\n\t\t\t\t<\/div>\n\t\t\t\t\t<\/div>\n\t\t\t\t<\/div>\n\t\t<div class=\"elementor-element elementor-element-80b2182 e-flex e-con-boxed e-con e-parent\" data-id=\"80b2182\" data-element_type=\"container\">\n\t\t\t\t\t<div class=\"e-con-inner\">\n\t\t<div class=\"elementor-element elementor-element-b7325cb e-grid e-con-boxed e-con e-child\" data-id=\"b7325cb\" data-element_type=\"container\">\n\t\t\t\t\t<div class=\"e-con-inner\">\n\t\t\t\t<div class=\"elementor-element elementor-element-02e1c54 elementor-widget elementor-widget-image\" data-id=\"02e1c54\" data-element_type=\"widget\" data-widget_type=\"image.default\">\n\t\t\t\t<div class=\"elementor-widget-container\">\n\t\t\t\t\t\t\t\t\t\t\t\t\t\t<a href=\"https:\/\/api.whatsapp.com\/send\/?phone=559230295100&#038;text=Ol%C3%A1%2C+%2AUpnetix%21%2A+Gostaria+de+contratar+Banda+Larga+Empresarial*+de+750+Mega+=)\" target=\"_blank\">\n\t\t\t\t\t\t\t<img decoding=\"async\" src=\"https:\/\/upnetix.com.br\/wp-content\/uploads\/elementor\/thumbs\/750-r3hvwc3ibx8783rwwz1mbg6ph8iuyg5x05b7rioqwo.png\" title=\"750\" alt=\"750\" loading=\"lazy\" \/>\t\t\t\t\t\t\t\t<\/a>\n\t\t\t\t\t\t\t\t\t\t\t\t\t<\/div>\n\t\t\t\t<\/div>\n\t\t\t\t<div class=\"elementor-element elementor-element-49bcbc0 elementor-widget elementor-widget-image\" data-id=\"49bcbc0\" data-element_type=\"widget\" data-widget_type=\"image.default\">\n\t\t\t\t<div class=\"elementor-widget-container\">\n\t\t\t\t\t\t\t\t\t\t\t\t\t\t<a href=\"https:\/\/api.whatsapp.com\/send\/?phone=559230295100&#038;text=Ol%C3%A1%2C+%2AUpnetix%21%2A+Gostaria+de+contratar+Banda+Larga+Empresarial*+de+1+Giga+=)\" target=\"_blank\">\n\t\t\t\t\t\t\t<img decoding=\"async\" src=\"https:\/\/upnetix.com.br\/wp-content\/uploads\/elementor\/thumbs\/1g-r3hvvrf29ybjp7rt74yskqt04dcfjln7tybt28bfhs.png\" title=\"1g\" alt=\"1g\" loading=\"lazy\" \/>\t\t\t\t\t\t\t\t<\/a>\n\t\t\t\t\t\t\t\t\t\t\t\t\t<\/div>\n\t\t\t\t<\/div>\n\t\t\t\t\t<\/div>\n\t\t\t\t<\/div>\n\t\t\t\t\t<\/div>\n\t\t\t\t<\/div>\n\t\t\t\t<section class=\"elementor-section elementor-top-section elementor-element elementor-element-6035bd2a elementor-reverse-tablet elementor-reverse-mobile elementor-section-boxed elementor-section-height-default elementor-section-height-default\" data-id=\"6035bd2a\" data-element_type=\"section\" data-settings=\"{&quot;background_background&quot;:&quot;classic&quot;}\">\n\t\t\t\t\t\t<div class=\"elementor-container elementor-column-gap-default\">\n\t\t\t\t\t<div class=\"elementor-column elementor-col-50 elementor-top-column elementor-element elementor-element-4d1f5217\" data-id=\"4d1f5217\" data-element_type=\"column\">\n\t\t\t<div class=\"elementor-widget-wrap elementor-element-populated\">\n\t\t\t\t\t\t<div class=\"elementor-element elementor-element-2544e46 elementor-widget elementor-widget-image\" data-id=\"2544e46\" data-element_type=\"widget\" data-widget_type=\"image.default\">\n\t\t\t\t<div class=\"elementor-widget-container\">\n\t\t\t\t\t\t\t\t\t\t\t\t\t<img decoding=\"async\" width=\"235\" height=\"300\" src=\"https:\/\/upnetix.com.br\/wp-content\/uploads\/2023\/04\/hand-phone2-1-235x300.png\" class=\"attachment-medium size-medium wp-image-7461\" alt=\"\" srcset=\"https:\/\/upnetix.com.br\/wp-content\/uploads\/2023\/04\/hand-phone2-1-235x300.png 235w, https:\/\/upnetix.com.br\/wp-content\/uploads\/2023\/04\/hand-phone2-1.png 506w\" sizes=\"(max-width: 235px) 100vw, 235px\" \/>\t\t\t\t\t\t\t\t\t\t\t\t\t<\/div>\n\t\t\t\t<\/div>\n\t\t\t\t\t<\/div>\n\t\t<\/div>\n\t\t\t\t<div class=\"elementor-column elementor-col-50 elementor-top-column elementor-element elementor-element-5a5647f1\" data-id=\"5a5647f1\" data-element_type=\"column\">\n\t\t\t<div class=\"elementor-widget-wrap elementor-element-populated\">\n\t\t\t\t\t\t<div class=\"elementor-element elementor-element-6d053fd8 elementor-widget elementor-widget-heading\" data-id=\"6d053fd8\" data-element_type=\"widget\" data-widget_type=\"heading.default\">\n\t\t\t\t<div class=\"elementor-widget-container\">\n\t\t\t<h2 class=\"elementor-heading-title elementor-size-default\">Conex\u00e3o para o Dia a Dia Empresarial\n<\/h2>\t\t<\/div>\n\t\t\t\t<\/div>\n\t\t\t\t<div class=\"elementor-element elementor-element-77aa9adb elementor-widget elementor-widget-text-editor\" data-id=\"77aa9adb\" data-element_type=\"widget\" data-widget_type=\"text-editor.default\">\n\t\t\t\t<div class=\"elementor-widget-container\">\n\t\t\t\t\t\t\t<p>Com a Banda Larga Empresarial da Upnetix a sua empresa tem recursos que v\u00e3o al\u00e9m da navega\u00e7\u00e3o com Wi-Fi 5G e portas Gigabit no nosso Modem de Fibra \u00d3tica.<br \/>Muito mais produtividade e estabilidade na sua conex\u00e3o, sem travamentos e muita velocidade.<\/p>\t\t\t\t\t\t<\/div>\n\t\t\t\t<\/div>\n\t\t\t\t<div class=\"elementor-element elementor-element-004526b elementor-align-left elementor-widget elementor-widget-button\" data-id=\"004526b\" data-element_type=\"widget\" data-widget_type=\"button.default\">\n\t\t\t\t<div class=\"elementor-widget-container\">\n\t\t\t\t\t<div class=\"elementor-button-wrapper\">\n\t\t\t<a class=\"elementor-button elementor-button-link elementor-size-sm\" href=\"https:\/\/api.whatsapp.com\/send\/?phone=559230295100&#038;text=Ol%C3%A1%2C+%2AUpnetix%21%2A+Gostaria+de+contratar+Banda+Larga+Empresarial*=)\" target=\"_blank\">\n\t\t\t\t\t\t<span class=\"elementor-button-content-wrapper\">\n\t\t\t\t\t\t\t\t\t<span class=\"elementor-button-text\">Contratar Agora<\/span>\n\t\t\t\t\t<\/span>\n\t\t\t\t\t<\/a>\n\t\t<\/div>\n\t\t\t\t<\/div>\n\t\t\t\t<\/div>\n\t\t\t\t\t<\/div>\n\t\t<\/div>\n\t\t\t\t\t<\/div>\n\t\t<\/section>\n\t\t\t\t<section class=\"elementor-section elementor-top-section elementor-element elementor-element-21f3dcb elementor-section-full_width elementor-section-height-default elementor-section-height-default\" data-id=\"21f3dcb\" data-element_type=\"section\">\n\t\t\t\t\t\t<div class=\"elementor-container elementor-column-gap-no\">\n\t\t\t\t\t<div class=\"elementor-column elementor-col-100 elementor-top-column elementor-element elementor-element-387b6fb\" data-id=\"387b6fb\" data-element_type=\"column\">\n\t\t\t<div class=\"elementor-widget-wrap elementor-element-populated\">\n\t\t\t\t\t\t<div class=\"elementor-element elementor-element-4392246 elementor-widget elementor-widget-text-editor\" data-id=\"4392246\" data-element_type=\"widget\" data-widget_type=\"text-editor.default\">\n\t\t\t\t<div class=\"elementor-widget-container\">\n\t\t\t\t\t\t\t<p>Conhe\u00e7a todas as nossas solu\u00e7\u00f5es de conectividade empresarial<\/p>\t\t\t\t\t\t<\/div>\n\t\t\t\t<\/div>\n\t\t\t\t\t<\/div>\n\t\t<\/div>\n\t\t\t\t\t<\/div>\n\t\t<\/section>\n\t\t\t\t<section class=\"elementor-section elementor-inner-section elementor-element elementor-element-1fe091b elementor-section-boxed elementor-section-height-default elementor-section-height-default\" data-id=\"1fe091b\" data-element_type=\"section\">\n\t\t\t\t\t\t<div class=\"elementor-container elementor-column-gap-no\">\n\t\t\t\t\t<div class=\"elementor-column elementor-col-33 elementor-inner-column elementor-element elementor-element-e26401b\" data-id=\"e26401b\" data-element_type=\"column\">\n\t\t\t<div class=\"elementor-widget-wrap elementor-element-populated\">\n\t\t\t\t\t\t<div class=\"elementor-element elementor-element-e8e18a2 elementor-widget elementor-widget-heading\" data-id=\"e8e18a2\" data-element_type=\"widget\" data-widget_type=\"heading.default\">\n\t\t\t\t<div class=\"elementor-widget-container\">\n\t\t\t<h2 class=\"elementor-heading-title elementor-size-default\">A sua empresa merece uma conex\u00e3o <b>upnetix<\/b><\/h2>\t\t<\/div>\n\t\t\t\t<\/div>\n\t\t\t\t<div class=\"elementor-element elementor-element-abc6034 elementor-widget elementor-widget-heading\" data-id=\"abc6034\" data-element_type=\"widget\" data-widget_type=\"heading.default\">\n\t\t\t\t<div class=\"elementor-widget-container\">\n\t\t\t<h2 class=\"elementor-heading-title elementor-size-default\">Planos a partir de<\/h2>\t\t<\/div>\n\t\t\t\t<\/div>\n\t\t\t\t<div class=\"elementor-element elementor-element-88d4759 elementor-widget elementor-widget-text-editor\" data-id=\"88d4759\" data-element_type=\"widget\" data-widget_type=\"text-editor.default\">\n\t\t\t\t<div class=\"elementor-widget-container\">\n\t\t\t\t\t\t\t<p>149,90<\/p>\t\t\t\t\t\t<\/div>\n\t\t\t\t<\/div>\n\t\t\t\t<div class=\"elementor-element elementor-element-799726b elementor-widget elementor-widget-text-editor\" data-id=\"799726b\" data-element_type=\"widget\" data-widget_type=\"text-editor.default\">\n\t\t\t\t<div class=\"elementor-widget-container\">\n\t\t\t\t\t\t\t<p>A sua empresa conectada com a melhor internet corporativa<\/p>\t\t\t\t\t\t<\/div>\n\t\t\t\t<\/div>\n\t\t\t\t\t<\/div>\n\t\t<\/div>\n\t\t\t\t<div class=\"elementor-column elementor-col-33 elementor-inner-column elementor-element elementor-element-b1cb748 elementor-invisible\" data-id=\"b1cb748\" data-element_type=\"column\" data-settings=\"{&quot;animation&quot;:&quot;fadeInUp&quot;}\">\n\t\t\t<div class=\"elementor-widget-wrap elementor-element-populated\">\n\t\t\t\t\t\t<div class=\"elementor-element elementor-element-3ebb0be elementor-widget elementor-widget-video\" data-id=\"3ebb0be\" data-element_type=\"widget\" data-settings=\"{&quot;video_type&quot;:&quot;hosted&quot;,&quot;start&quot;:0,&quot;autoplay&quot;:&quot;yes&quot;,&quot;play_on_mobile&quot;:&quot;yes&quot;,&quot;mute&quot;:&quot;yes&quot;,&quot;loop&quot;:&quot;yes&quot;}\" data-widget_type=\"video.default\">\n\t\t\t\t<div class=\"elementor-widget-container\">\n\t\t\t\t\t<div class=\"e-hosted-video elementor-wrapper elementor-open-inline\">\n\t\t\t\t\t<video class=\"elementor-video\" src=\"https:\/\/upnetix.com.br\/wp-content\/uploads\/2025\/03\/UPNETIX-EMPRESARIAL.mp4\" autoplay=\"\" loop=\"\" muted=\"muted\" playsinline=\"\" controlsList=\"nodownload\"><\/video>\n\t\t\t\t<\/div>\n\t\t\t\t<\/div>\n\t\t\t\t<\/div>\n\t\t\t\t\t<\/div>\n\t\t<\/div>\n\t\t\t\t<div class=\"elementor-column elementor-col-33 elementor-inner-column elementor-element elementor-element-524f8db\" data-id=\"524f8db\" data-element_type=\"column\">\n\t\t\t<div class=\"elementor-widget-wrap elementor-element-populated\">\n\t\t\t\t\t\t<div class=\"elementor-element elementor-element-d9e4876 elementor-position-left animated-fast elementor-view-default elementor-mobile-position-top elementor-vertical-align-top elementor-invisible elementor-widget elementor-widget-icon-box\" data-id=\"d9e4876\" data-element_type=\"widget\" data-settings=\"{&quot;_animation&quot;:&quot;fadeInLeft&quot;}\" data-widget_type=\"icon-box.default\">\n\t\t\t\t<div class=\"elementor-widget-container\">\n\t\t\t\t\t<div class=\"elementor-icon-box-wrapper\">\n\n\t\t\t\t\t\t<div class=\"elementor-icon-box-icon\">\n\t\t\t\t<a href=\"https:\/\/upnetix.com.br\/banda-larga-corporativa\/\" class=\"elementor-icon elementor-animation-\" tabindex=\"-1\">\n\t\t\t\t<i aria-hidden=\"true\" class=\"fab fa-connectdevelop\"><\/i>\t\t\t\t<\/a>\n\t\t\t<\/div>\n\t\t\t\n\t\t\t\t\t\t<div class=\"elementor-icon-box-content\">\n\n\t\t\t\t\t\t\t\t\t<h3 class=\"elementor-icon-box-title\">\n\t\t\t\t\t\t<a href=\"https:\/\/upnetix.com.br\/banda-larga-corporativa\/\" >\n\t\t\t\t\t\t\tBanda Larga\t\t\t\t\t\t<\/a>\n\t\t\t\t\t<\/h3>\n\t\t\t\t\n\t\t\t\t\t\t\t\t\t<p class=\"elementor-icon-box-description\">\n\t\t\t\t\t\t<b>Banda Larga Corporativa<\/b> para o b\u00e1sico do dia a dia com muita velocidade e pre\u00e7o acess\u00edvel para pequenas empresas\t\t\t\t\t<\/p>\n\t\t\t\t\n\t\t\t<\/div>\n\t\t\t\n\t\t<\/div>\n\t\t\t\t<\/div>\n\t\t\t\t<\/div>\n\t\t\t\t<div class=\"elementor-element elementor-element-0ddad10 elementor-position-left animated-fast elementor-view-default elementor-mobile-position-top elementor-vertical-align-top elementor-invisible elementor-widget elementor-widget-icon-box\" data-id=\"0ddad10\" data-element_type=\"widget\" data-settings=\"{&quot;_animation&quot;:&quot;fadeInLeft&quot;}\" data-widget_type=\"icon-box.default\">\n\t\t\t\t<div class=\"elementor-widget-container\">\n\t\t\t\t\t<div class=\"elementor-icon-box-wrapper\">\n\n\t\t\t\t\t\t<div class=\"elementor-icon-box-icon\">\n\t\t\t\t<a href=\"https:\/\/upnetix.com.br\/business-light\/\" class=\"elementor-icon elementor-animation-\" tabindex=\"-1\">\n\t\t\t\t<i aria-hidden=\"true\" class=\"fas fa-podcast\"><\/i>\t\t\t\t<\/a>\n\t\t\t<\/div>\n\t\t\t\n\t\t\t\t\t\t<div class=\"elementor-icon-box-content\">\n\n\t\t\t\t\t\t\t\t\t<h3 class=\"elementor-icon-box-title\">\n\t\t\t\t\t\t<a href=\"https:\/\/upnetix.com.br\/business-light\/\" >\n\t\t\t\t\t\t\tBusiness <b>Light<\/b>\t\t\t\t\t\t<\/a>\n\t\t\t\t\t<\/h3>\n\t\t\t\t\n\t\t\t\t\t\t\t\t\t<p class=\"elementor-icon-box-description\">\n\t\t\t\t\t\tBanda <b>Garantida<\/b> + IP <b>Fixo<\/b> para pequenas empresas e neg\u00f3cios em expans\u00e3o\t\t\t\t\t<\/p>\n\t\t\t\t\n\t\t\t<\/div>\n\t\t\t\n\t\t<\/div>\n\t\t\t\t<\/div>\n\t\t\t\t<\/div>\n\t\t\t\t<div class=\"elementor-element elementor-element-1ac2919 elementor-position-left animated-fast elementor-view-default elementor-mobile-position-top elementor-vertical-align-top elementor-invisible elementor-widget elementor-widget-icon-box\" data-id=\"1ac2919\" data-element_type=\"widget\" data-settings=\"{&quot;_animation&quot;:&quot;fadeInLeft&quot;}\" data-widget_type=\"icon-box.default\">\n\t\t\t\t<div class=\"elementor-widget-container\">\n\t\t\t\t\t<div class=\"elementor-icon-box-wrapper\">\n\n\t\t\t\t\t\t<div class=\"elementor-icon-box-icon\">\n\t\t\t\t<a href=\"https:\/\/upnetix.com.br\/ip-premium\/\" class=\"elementor-icon elementor-animation-\" tabindex=\"-1\">\n\t\t\t\t<i aria-hidden=\"true\" class=\"far fa-sun\"><\/i>\t\t\t\t<\/a>\n\t\t\t<\/div>\n\t\t\t\n\t\t\t\t\t\t<div class=\"elementor-icon-box-content\">\n\n\t\t\t\t\t\t\t\t\t<h3 class=\"elementor-icon-box-title\">\n\t\t\t\t\t\t<a href=\"https:\/\/upnetix.com.br\/ip-premium\/\" >\n\t\t\t\t\t\t\tIP <b>Premium<\/b>\t\t\t\t\t\t<\/a>\n\t\t\t\t\t<\/h3>\n\t\t\t\t\n\t\t\t\t\t\t\t\t\t<p class=\"elementor-icon-box-description\">\n\t\t\t\t\t\tA <b>Conex\u00e3o Dedicada<\/b> Segura e Monitorada que a sua empresa precisa\n\n\t\t\t\t\t<\/p>\n\t\t\t\t\n\t\t\t<\/div>\n\t\t\t\n\t\t<\/div>\n\t\t\t\t<\/div>\n\t\t\t\t<\/div>\n\t\t\t\t<div class=\"elementor-element elementor-element-1ef1ac1 elementor-position-left animated-fast elementor-view-default elementor-mobile-position-top elementor-vertical-align-top elementor-invisible elementor-widget elementor-widget-icon-box\" data-id=\"1ef1ac1\" data-element_type=\"widget\" data-settings=\"{&quot;_animation&quot;:&quot;fadeInLeft&quot;}\" data-widget_type=\"icon-box.default\">\n\t\t\t\t<div class=\"elementor-widget-container\">\n\t\t\t\t\t<div class=\"elementor-icon-box-wrapper\">\n\n\t\t\t\t\t\t<div class=\"elementor-icon-box-icon\">\n\t\t\t\t<a href=\"https:\/\/upnetix.com.br\/lan-to-lan\/\" class=\"elementor-icon elementor-animation-\" tabindex=\"-1\">\n\t\t\t\t<i aria-hidden=\"true\" class=\"fas fa-bezier-curve\"><\/i>\t\t\t\t<\/a>\n\t\t\t<\/div>\n\t\t\t\n\t\t\t\t\t\t<div class=\"elementor-icon-box-content\">\n\n\t\t\t\t\t\t\t\t\t<h3 class=\"elementor-icon-box-title\">\n\t\t\t\t\t\t<a href=\"https:\/\/upnetix.com.br\/lan-to-lan\/\" >\n\t\t\t\t\t\t\tLan-to-<b>Lan<\/b>\t\t\t\t\t\t<\/a>\n\t\t\t\t\t<\/h3>\n\t\t\t\t\n\t\t\t\t\t\t\t\t\t<p class=\"elementor-icon-box-description\">\n\t\t\t\t\t\tConex\u00e3o <b>Matriz-Filiais<\/b> para compartilhar os recursos dispon\u00edveis no seu Datacenter, Cloud, em uma rede unificada\t\t\t\t\t<\/p>\n\t\t\t\t\n\t\t\t<\/div>\n\t\t\t\n\t\t<\/div>\n\t\t\t\t<\/div>\n\t\t\t\t<\/div>\n\t\t\t\t\t<\/div>\n\t\t<\/div>\n\t\t\t\t\t<\/div>\n\t\t<\/section>\n\t\t\t\t<\/div>\n\t\t","protected":false},"excerpt":{"rendered":"<p>MUITO AL\u00c9M DO b\u00e1sico NO DIA A DIA CORPORATIVO banda larga EMPRESARIAL A qualidade j\u00e1 reconhecida da Internet Upnetix com Velocidades de at\u00e9 1Giga para pequenos neg\u00f3cios\u00a0 Muita velocidade com Wi-Fi e Gigabit As solu\u00e7\u00f5es da Upnetix para o seu neg\u00f3cio oferecem produtos e servi\u00e7os completos que conectam as pessoas e dispositivos para aumentar a [&hellip;]<\/p>\n","protected":false},"author":6,"featured_media":2163,"parent":9221,"menu_order":0,"comment_status":"closed","ping_status":"closed","template":"elementor_header_footer","meta":{"footnotes":""},"class_list":["post-614","page","type-page","status-publish","has-post-thumbnail","hentry"],"blocksy_meta":{"styles_descriptor":{"styles":{"desktop":"","tablet":"","mobile":""},"google_fonts":[],"version":6}},"_links":{"self":[{"href":"https:\/\/upnetix.com.br\/wp-json\/wp\/v2\/pages\/614","targetHints":{"allow":["GET"]}}],"collection":[{"href":"https:\/\/upnetix.com.br\/wp-json\/wp\/v2\/pages"}],"about":[{"href":"https:\/\/upnetix.com.br\/wp-json\/wp\/v2\/types\/page"}],"author":[{"embeddable":true,"href":"https:\/\/upnetix.com.br\/wp-json\/wp\/v2\/users\/6"}],"replies":[{"embeddable":true,"href":"https:\/\/upnetix.com.br\/wp-json\/wp\/v2\/comments?post=614"}],"version-history":[{"count":206,"href":"https:\/\/upnetix.com.br\/wp-json\/wp\/v2\/pages\/614\/revisions"}],"predecessor-version":[{"id":10234,"href":"https:\/\/upnetix.com.br\/wp-json\/wp\/v2\/pages\/614\/revisions\/10234"}],"up":[{"embeddable":true,"href":"https:\/\/upnetix.com.br\/wp-json\/wp\/v2\/pages\/9221"}],"wp:featuredmedia":[{"embeddable":true,"href":"https:\/\/upnetix.com.br\/wp-json\/"}],"wp:attachment":[{"href":"https:\/\/upnetix.com.br\/wp-json\/wp\/v2\/media?parent=614"}],"curies":[{"name":"wp","href":"https:\/\/api.w.org\/{rel}","templated":true}]}}